{"id":233,"date":"2023-04-24T15:55:22","date_gmt":"2023-04-24T18:55:22","guid":{"rendered":"https:\/\/bm4.com.br\/bm44\/bm4\/?page_id=233"},"modified":"2023-11-10T16:44:58","modified_gmt":"2023-11-10T19:44:58","slug":"nuestro-catalogo","status":"publish","type":"page","link":"https:\/\/bm4.com.br\/bm44\/es\/nuestro-catalogo\/","title":{"rendered":"Catalogos"},"content":{"rendered":"<h1 class=\"title-42-uppercase-700\">SELECCIONE LA VERSI\u00d3N:<\/h1>\n","protected":false},"excerpt":{"rendered":"<p>SELECCIONE LA VERSI\u00d3N:<\/p>\n","protected":false},"author":1,"featured_media":0,"parent":0,"menu_order":2,"comment_status":"closed","ping_status":"closed","template":"page-catalogo.php","meta":{"footnotes":""},"class_list":["post-233","page","type-page","status-publish","hentry"],"acf":[],"yoast_head":"<!-- This site is optimized with the Yoast SEO plugin v19.4 - https:\/\/yoast.com\/wordpress\/plugins\/seo\/ -->\n<title>Cat\u00e1logo de Productos Odontol\u00f3gicos - Maquira Industria de Productos Odontol\u00f3gicos<\/title>\n<meta name=\"description\" content=\"Explora el cat\u00e1logo completo de productos odontol\u00f3gicos de Maquira Industria de Productos Odontol\u00f3gicos. Nuestro cat\u00e1logo abarca una amplia gama\" \/>\n<meta name=\"robots\" content=\"index, follow, max-snippet:-1, max-image-preview:large, max-video-preview:-1\" \/>\n<link rel=\"canonical\" href=\"https:\/\/bm4.com.br\/bm44\/es\/nuestro-catalogo\/\" \/>\n<meta property=\"og:locale\" content=\"pt_BR\" \/>\n<meta property=\"og:type\" content=\"article\" \/>\n<meta property=\"og:title\" content=\"Cat\u00e1logo de Productos Odontol\u00f3gicos - Maquira Industria de Productos Odontol\u00f3gicos\" \/>\n<meta property=\"og:description\" content=\"Explora el cat\u00e1logo completo de productos odontol\u00f3gicos de Maquira Industria de Productos Odontol\u00f3gicos. Nuestro cat\u00e1logo abarca una amplia gama\" \/>\n<meta property=\"og:url\" content=\"https:\/\/bm4.com.br\/bm44\/es\/nuestro-catalogo\/\" \/>\n<meta property=\"og:site_name\" content=\"BM4\" \/>\n<meta property=\"article:publisher\" content=\"https:\/\/www.facebook.com\/maquiradentalgroup\" \/>\n<meta property=\"article:modified_time\" content=\"2023-11-10T19:44:58+00:00\" \/>\n<meta property=\"og:image\" content=\"https:\/\/bm4.com.br\/bm44\/wp-content\/uploads\/2023\/05\/m1.jpg\" \/>\n\t<meta property=\"og:image:width\" content=\"900\" \/>\n\t<meta property=\"og:image:height\" content=\"600\" \/>\n\t<meta property=\"og:image:type\" content=\"image\/jpeg\" \/>\n<meta name=\"twitter:card\" content=\"summary_large_image\" \/>\n<script type=\"application\/ld+json\" class=\"yoast-schema-graph\">{\"@context\":\"https:\/\/schema.org\",\"@graph\":[{\"@type\":\"Organization\",\"@id\":\"https:\/\/bm4.com.br\/bm44\/#organization\",\"name\":\"Maquira\",\"url\":\"https:\/\/bm4.com.br\/bm44\/\",\"sameAs\":[\"https:\/\/www.linkedin.com\/company\/maquira\",\"https:\/\/www.instagram.com\/maquiradentalgroup\/\",\"https:\/\/www.youtube.com\/channel\/UCvbWpRmyX5WArQ1VbxcLJFg\",\"https:\/\/www.facebook.com\/maquiradentalgroup\"],\"logo\":{\"@type\":\"ImageObject\",\"inLanguage\":\"pt-BR\",\"@id\":\"https:\/\/bm4.com.br\/bm44\/#\/schema\/logo\/image\/\",\"url\":\"https:\/\/bm4.com.br\/bm44\/bm4\/wp-content\/uploads\/2023\/05\/m1.jpg\",\"contentUrl\":\"https:\/\/bm4.com.br\/bm44\/bm4\/wp-content\/uploads\/2023\/05\/m1.jpg\",\"width\":900,\"height\":600,\"caption\":\"Maquira\"},\"image\":{\"@id\":\"https:\/\/bm4.com.br\/bm44\/#\/schema\/logo\/image\/\"}},{\"@type\":\"WebSite\",\"@id\":\"https:\/\/bm4.com.br\/bm44\/#website\",\"url\":\"https:\/\/bm4.com.br\/bm44\/\",\"name\":\"BM4\",\"description\":\"\",\"publisher\":{\"@id\":\"https:\/\/bm4.com.br\/bm44\/#organization\"},\"potentialAction\":[{\"@type\":\"SearchAction\",\"target\":{\"@type\":\"EntryPoint\",\"urlTemplate\":\"https:\/\/bm4.com.br\/bm44\/?s={search_term_string}\"},\"query-input\":\"required name=search_term_string\"}],\"inLanguage\":\"pt-BR\"},{\"@type\":\"WebPage\",\"@id\":\"https:\/\/bm4.com.br\/bm44\/es\/nuestro-catalogo\/\",\"url\":\"https:\/\/bm4.com.br\/bm44\/es\/nuestro-catalogo\/\",\"name\":\"Cat\u00e1logo de Productos Odontol\u00f3gicos - Maquira Industria de Productos Odontol\u00f3gicos\",\"isPartOf\":{\"@id\":\"https:\/\/bm4.com.br\/bm44\/#website\"},\"datePublished\":\"2023-04-24T18:55:22+00:00\",\"dateModified\":\"2023-11-10T19:44:58+00:00\",\"description\":\"Explora el cat\u00e1logo completo de productos odontol\u00f3gicos de Maquira Industria de Productos Odontol\u00f3gicos. Nuestro cat\u00e1logo abarca una amplia gama\",\"breadcrumb\":{\"@id\":\"https:\/\/bm4.com.br\/bm44\/es\/nuestro-catalogo\/#breadcrumb\"},\"inLanguage\":\"pt-BR\",\"potentialAction\":[{\"@type\":\"ReadAction\",\"target\":[\"https:\/\/bm4.com.br\/bm44\/es\/nuestro-catalogo\/\"]}]},{\"@type\":\"BreadcrumbList\",\"@id\":\"https:\/\/bm4.com.br\/bm44\/es\/nuestro-catalogo\/#breadcrumb\",\"itemListElement\":[{\"@type\":\"ListItem\",\"position\":1,\"name\":\"In\u00edcio\",\"item\":\"https:\/\/bm4.com.br\/bm44\/\"},{\"@type\":\"ListItem\",\"position\":2,\"name\":\"Catalogos\"}]}]}<\/script>\n<!-- \/ Yoast SEO plugin. -->","yoast_head_json":{"title":"Cat\u00e1logo de Productos Odontol\u00f3gicos - Maquira Industria de Productos Odontol\u00f3gicos","description":"Explora el cat\u00e1logo completo de productos odontol\u00f3gicos de Maquira Industria de Productos Odontol\u00f3gicos. Nuestro cat\u00e1logo abarca una amplia gama","robots":{"index":"index","follow":"follow","max-snippet":"max-snippet:-1","max-image-preview":"max-image-preview:large","max-video-preview":"max-video-preview:-1"},"canonical":"https:\/\/bm4.com.br\/bm44\/es\/nuestro-catalogo\/","og_locale":"pt_BR","og_type":"article","og_title":"Cat\u00e1logo de Productos Odontol\u00f3gicos - Maquira Industria de Productos Odontol\u00f3gicos","og_description":"Explora el cat\u00e1logo completo de productos odontol\u00f3gicos de Maquira Industria de Productos Odontol\u00f3gicos. Nuestro cat\u00e1logo abarca una amplia gama","og_url":"https:\/\/bm4.com.br\/bm44\/es\/nuestro-catalogo\/","og_site_name":"BM4","article_publisher":"https:\/\/www.facebook.com\/maquiradentalgroup","article_modified_time":"2023-11-10T19:44:58+00:00","og_image":[{"width":900,"height":600,"url":"https:\/\/bm4.com.br\/bm44\/wp-content\/uploads\/2023\/05\/m1.jpg","type":"image\/jpeg"}],"twitter_card":"summary_large_image","schema":{"@context":"https:\/\/schema.org","@graph":[{"@type":"Organization","@id":"https:\/\/bm4.com.br\/bm44\/#organization","name":"Maquira","url":"https:\/\/bm4.com.br\/bm44\/","sameAs":["https:\/\/www.linkedin.com\/company\/maquira","https:\/\/www.instagram.com\/maquiradentalgroup\/","https:\/\/www.youtube.com\/channel\/UCvbWpRmyX5WArQ1VbxcLJFg","https:\/\/www.facebook.com\/maquiradentalgroup"],"logo":{"@type":"ImageObject","inLanguage":"pt-BR","@id":"https:\/\/bm4.com.br\/bm44\/#\/schema\/logo\/image\/","url":"https:\/\/bm4.com.br\/bm44\/bm4\/wp-content\/uploads\/2023\/05\/m1.jpg","contentUrl":"https:\/\/bm4.com.br\/bm44\/bm4\/wp-content\/uploads\/2023\/05\/m1.jpg","width":900,"height":600,"caption":"Maquira"},"image":{"@id":"https:\/\/bm4.com.br\/bm44\/#\/schema\/logo\/image\/"}},{"@type":"WebSite","@id":"https:\/\/bm4.com.br\/bm44\/#website","url":"https:\/\/bm4.com.br\/bm44\/","name":"BM4","description":"","publisher":{"@id":"https:\/\/bm4.com.br\/bm44\/#organization"},"potentialAction":[{"@type":"SearchAction","target":{"@type":"EntryPoint","urlTemplate":"https:\/\/bm4.com.br\/bm44\/?s={search_term_string}"},"query-input":"required name=search_term_string"}],"inLanguage":"pt-BR"},{"@type":"WebPage","@id":"https:\/\/bm4.com.br\/bm44\/es\/nuestro-catalogo\/","url":"https:\/\/bm4.com.br\/bm44\/es\/nuestro-catalogo\/","name":"Cat\u00e1logo de Productos Odontol\u00f3gicos - Maquira Industria de Productos Odontol\u00f3gicos","isPartOf":{"@id":"https:\/\/bm4.com.br\/bm44\/#website"},"datePublished":"2023-04-24T18:55:22+00:00","dateModified":"2023-11-10T19:44:58+00:00","description":"Explora el cat\u00e1logo completo de productos odontol\u00f3gicos de Maquira Industria de Productos Odontol\u00f3gicos. Nuestro cat\u00e1logo abarca una amplia gama","breadcrumb":{"@id":"https:\/\/bm4.com.br\/bm44\/es\/nuestro-catalogo\/#breadcrumb"},"inLanguage":"pt-BR","potentialAction":[{"@type":"ReadAction","target":["https:\/\/bm4.com.br\/bm44\/es\/nuestro-catalogo\/"]}]},{"@type":"BreadcrumbList","@id":"https:\/\/bm4.com.br\/bm44\/es\/nuestro-catalogo\/#breadcrumb","itemListElement":[{"@type":"ListItem","position":1,"name":"In\u00edcio","item":"https:\/\/bm4.com.br\/bm44\/"},{"@type":"ListItem","position":2,"name":"Catalogos"}]}]}},"_links":{"self":[{"href":"https:\/\/bm4.com.br\/bm44\/wp-json\/wp\/v2\/pages\/233","targetHints":{"allow":["GET"]}}],"collection":[{"href":"https:\/\/bm4.com.br\/bm44\/wp-json\/wp\/v2\/pages"}],"about":[{"href":"https:\/\/bm4.com.br\/bm44\/wp-json\/wp\/v2\/types\/page"}],"author":[{"embeddable":true,"href":"https:\/\/bm4.com.br\/bm44\/wp-json\/wp\/v2\/users\/1"}],"replies":[{"embeddable":true,"href":"https:\/\/bm4.com.br\/bm44\/wp-json\/wp\/v2\/comments?post=233"}],"version-history":[{"count":5,"href":"https:\/\/bm4.com.br\/bm44\/wp-json\/wp\/v2\/pages\/233\/revisions"}],"predecessor-version":[{"id":1644,"href":"https:\/\/bm4.com.br\/bm44\/wp-json\/wp\/v2\/pages\/233\/revisions\/1644"}],"wp:attachment":[{"href":"https:\/\/bm4.com.br\/bm44\/wp-json\/wp\/v2\/media?parent=233"}],"curies":[{"name":"wp","href":"https:\/\/api.w.org\/{rel}","templated":true}]}}