{"id":37,"date":"2023-03-29T16:01:24","date_gmt":"2023-03-29T19:01:24","guid":{"rendered":"https:\/\/bm4.com.br\/bm44\/bm4\/?page_id=37"},"modified":"2023-08-23T16:59:11","modified_gmt":"2023-08-23T19:59:11","slug":"ifu","status":"publish","type":"page","link":"https:\/\/bm4.com.br\/bm44\/ifu\/","title":{"rendered":"Instru\u00e7\u00f5es de uso | IFU"},"content":{"rendered":"<p>Para acessar as instru\u00e7\u00f5es de uso dos nossos produtos, basta procurar pelo nome do produto que voc\u00ea tem em m\u00e3os e clicar nos links abaixo para encontrar todas as informa\u00e7\u00f5es dispon\u00edveis. |\u00a0<em>To access the instructions for use of our products, simply search for the name of the product you have in hand and click on the links below to find all the information available.<\/em><\/p>\n","protected":false},"excerpt":{"rendered":"<p>Para acessar as instru\u00e7\u00f5es de uso dos nossos produtos, basta procurar pelo nome do produto que voc\u00ea tem em m\u00e3os e clicar nos links abaixo para encontrar todas as informa\u00e7\u00f5es dispon\u00edveis. |\u00a0To access the instructions for use of our products, simply search for the name of the product you have in hand and click on the links below to find all the information available.<\/p>\n","protected":false},"author":1,"featured_media":0,"parent":0,"menu_order":4,"comment_status":"closed","ping_status":"closed","template":"page-instrucoes.php","meta":{"footnotes":""},"class_list":["post-37","page","type-page","status-publish","hentry"],"acf":[],"yoast_head":"<!-- This site is optimized with the Yoast SEO plugin v19.4 - https:\/\/yoast.com\/wordpress\/plugins\/seo\/ -->\n<title>Instru\u00e7\u00f5es de Uso de Produtos Maquira<\/title>\n<meta name=\"description\" content=\"Encontre as instru\u00e7\u00f5es de uso detalhadas dos produtos oferecidos pela Maquira Ind\u00fastria de Produtos Odontol\u00f3gicos\" \/>\n<meta name=\"robots\" content=\"index, follow, max-snippet:-1, max-image-preview:large, max-video-preview:-1\" \/>\n<link rel=\"canonical\" href=\"https:\/\/bm4.com.br\/bm44\/ifu\/\" \/>\n<meta property=\"og:locale\" content=\"pt_BR\" \/>\n<meta property=\"og:type\" content=\"article\" \/>\n<meta property=\"og:title\" content=\"Instru\u00e7\u00f5es de Uso de Produtos Maquira\" \/>\n<meta property=\"og:description\" content=\"Encontre as instru\u00e7\u00f5es de uso detalhadas dos produtos oferecidos pela Maquira Ind\u00fastria de Produtos Odontol\u00f3gicos\" \/>\n<meta property=\"og:url\" content=\"https:\/\/bm4.com.br\/bm44\/ifu\/\" \/>\n<meta property=\"og:site_name\" content=\"BM4\" \/>\n<meta property=\"article:publisher\" content=\"https:\/\/www.facebook.com\/maquiradentalgroup\" \/>\n<meta property=\"article:modified_time\" content=\"2023-08-23T19:59:11+00:00\" \/>\n<meta property=\"og:image\" content=\"https:\/\/bm4.com.br\/bm44\/wp-content\/uploads\/2023\/05\/m1.jpg\" \/>\n\t<meta property=\"og:image:width\" content=\"900\" \/>\n\t<meta property=\"og:image:height\" content=\"600\" \/>\n\t<meta property=\"og:image:type\" content=\"image\/jpeg\" \/>\n<meta name=\"twitter:card\" content=\"summary_large_image\" \/>\n<meta name=\"twitter:label1\" content=\"Est. tempo de leitura\" \/>\n\t<meta name=\"twitter:data1\" content=\"1 minuto\" \/>\n<script type=\"application\/ld+json\" class=\"yoast-schema-graph\">{\"@context\":\"https:\/\/schema.org\",\"@graph\":[{\"@type\":\"Organization\",\"@id\":\"https:\/\/bm4.com.br\/bm44\/#organization\",\"name\":\"Maquira\",\"url\":\"https:\/\/bm4.com.br\/bm44\/\",\"sameAs\":[\"https:\/\/www.linkedin.com\/company\/maquira\",\"https:\/\/www.instagram.com\/maquiradentalgroup\/\",\"https:\/\/www.youtube.com\/channel\/UCvbWpRmyX5WArQ1VbxcLJFg\",\"https:\/\/www.facebook.com\/maquiradentalgroup\"],\"logo\":{\"@type\":\"ImageObject\",\"inLanguage\":\"pt-BR\",\"@id\":\"https:\/\/bm4.com.br\/bm44\/#\/schema\/logo\/image\/\",\"url\":\"https:\/\/bm4.com.br\/bm44\/bm4\/wp-content\/uploads\/2023\/05\/m1.jpg\",\"contentUrl\":\"https:\/\/bm4.com.br\/bm44\/bm4\/wp-content\/uploads\/2023\/05\/m1.jpg\",\"width\":900,\"height\":600,\"caption\":\"Maquira\"},\"image\":{\"@id\":\"https:\/\/bm4.com.br\/bm44\/#\/schema\/logo\/image\/\"}},{\"@type\":\"WebSite\",\"@id\":\"https:\/\/bm4.com.br\/bm44\/#website\",\"url\":\"https:\/\/bm4.com.br\/bm44\/\",\"name\":\"BM4\",\"description\":\"\",\"publisher\":{\"@id\":\"https:\/\/bm4.com.br\/bm44\/#organization\"},\"potentialAction\":[{\"@type\":\"SearchAction\",\"target\":{\"@type\":\"EntryPoint\",\"urlTemplate\":\"https:\/\/bm4.com.br\/bm44\/?s={search_term_string}\"},\"query-input\":\"required name=search_term_string\"}],\"inLanguage\":\"pt-BR\"},{\"@type\":\"WebPage\",\"@id\":\"https:\/\/bm4.com.br\/bm44\/ifu\/\",\"url\":\"https:\/\/bm4.com.br\/bm44\/ifu\/\",\"name\":\"Instru\u00e7\u00f5es de Uso de Produtos Maquira\",\"isPartOf\":{\"@id\":\"https:\/\/bm4.com.br\/bm44\/#website\"},\"datePublished\":\"2023-03-29T19:01:24+00:00\",\"dateModified\":\"2023-08-23T19:59:11+00:00\",\"description\":\"Encontre as instru\u00e7\u00f5es de uso detalhadas dos produtos oferecidos pela Maquira Ind\u00fastria de Produtos Odontol\u00f3gicos\",\"breadcrumb\":{\"@id\":\"https:\/\/bm4.com.br\/bm44\/ifu\/#breadcrumb\"},\"inLanguage\":\"pt-BR\",\"potentialAction\":[{\"@type\":\"ReadAction\",\"target\":[\"https:\/\/bm4.com.br\/bm44\/ifu\/\"]}]},{\"@type\":\"BreadcrumbList\",\"@id\":\"https:\/\/bm4.com.br\/bm44\/ifu\/#breadcrumb\",\"itemListElement\":[{\"@type\":\"ListItem\",\"position\":1,\"name\":\"In\u00edcio\",\"item\":\"https:\/\/bm4.com.br\/bm44\/\"},{\"@type\":\"ListItem\",\"position\":2,\"name\":\"Instru\u00e7\u00f5es de uso | IFU\"}]}]}<\/script>\n<!-- \/ Yoast SEO plugin. -->","yoast_head_json":{"title":"Instru\u00e7\u00f5es de Uso de Produtos Maquira","description":"Encontre as instru\u00e7\u00f5es de uso detalhadas dos produtos oferecidos pela Maquira Ind\u00fastria de Produtos Odontol\u00f3gicos","robots":{"index":"index","follow":"follow","max-snippet":"max-snippet:-1","max-image-preview":"max-image-preview:large","max-video-preview":"max-video-preview:-1"},"canonical":"https:\/\/bm4.com.br\/bm44\/ifu\/","og_locale":"pt_BR","og_type":"article","og_title":"Instru\u00e7\u00f5es de Uso de Produtos Maquira","og_description":"Encontre as instru\u00e7\u00f5es de uso detalhadas dos produtos oferecidos pela Maquira Ind\u00fastria de Produtos Odontol\u00f3gicos","og_url":"https:\/\/bm4.com.br\/bm44\/ifu\/","og_site_name":"BM4","article_publisher":"https:\/\/www.facebook.com\/maquiradentalgroup","article_modified_time":"2023-08-23T19:59:11+00:00","og_image":[{"width":900,"height":600,"url":"https:\/\/bm4.com.br\/bm44\/wp-content\/uploads\/2023\/05\/m1.jpg","type":"image\/jpeg"}],"twitter_card":"summary_large_image","twitter_misc":{"Est. tempo de leitura":"1 minuto"},"schema":{"@context":"https:\/\/schema.org","@graph":[{"@type":"Organization","@id":"https:\/\/bm4.com.br\/bm44\/#organization","name":"Maquira","url":"https:\/\/bm4.com.br\/bm44\/","sameAs":["https:\/\/www.linkedin.com\/company\/maquira","https:\/\/www.instagram.com\/maquiradentalgroup\/","https:\/\/www.youtube.com\/channel\/UCvbWpRmyX5WArQ1VbxcLJFg","https:\/\/www.facebook.com\/maquiradentalgroup"],"logo":{"@type":"ImageObject","inLanguage":"pt-BR","@id":"https:\/\/bm4.com.br\/bm44\/#\/schema\/logo\/image\/","url":"https:\/\/bm4.com.br\/bm44\/bm4\/wp-content\/uploads\/2023\/05\/m1.jpg","contentUrl":"https:\/\/bm4.com.br\/bm44\/bm4\/wp-content\/uploads\/2023\/05\/m1.jpg","width":900,"height":600,"caption":"Maquira"},"image":{"@id":"https:\/\/bm4.com.br\/bm44\/#\/schema\/logo\/image\/"}},{"@type":"WebSite","@id":"https:\/\/bm4.com.br\/bm44\/#website","url":"https:\/\/bm4.com.br\/bm44\/","name":"BM4","description":"","publisher":{"@id":"https:\/\/bm4.com.br\/bm44\/#organization"},"potentialAction":[{"@type":"SearchAction","target":{"@type":"EntryPoint","urlTemplate":"https:\/\/bm4.com.br\/bm44\/?s={search_term_string}"},"query-input":"required name=search_term_string"}],"inLanguage":"pt-BR"},{"@type":"WebPage","@id":"https:\/\/bm4.com.br\/bm44\/ifu\/","url":"https:\/\/bm4.com.br\/bm44\/ifu\/","name":"Instru\u00e7\u00f5es de Uso de Produtos Maquira","isPartOf":{"@id":"https:\/\/bm4.com.br\/bm44\/#website"},"datePublished":"2023-03-29T19:01:24+00:00","dateModified":"2023-08-23T19:59:11+00:00","description":"Encontre as instru\u00e7\u00f5es de uso detalhadas dos produtos oferecidos pela Maquira Ind\u00fastria de Produtos Odontol\u00f3gicos","breadcrumb":{"@id":"https:\/\/bm4.com.br\/bm44\/ifu\/#breadcrumb"},"inLanguage":"pt-BR","potentialAction":[{"@type":"ReadAction","target":["https:\/\/bm4.com.br\/bm44\/ifu\/"]}]},{"@type":"BreadcrumbList","@id":"https:\/\/bm4.com.br\/bm44\/ifu\/#breadcrumb","itemListElement":[{"@type":"ListItem","position":1,"name":"In\u00edcio","item":"https:\/\/bm4.com.br\/bm44\/"},{"@type":"ListItem","position":2,"name":"Instru\u00e7\u00f5es de uso | IFU"}]}]}},"_links":{"self":[{"href":"https:\/\/bm4.com.br\/bm44\/wp-json\/wp\/v2\/pages\/37","targetHints":{"allow":["GET"]}}],"collection":[{"href":"https:\/\/bm4.com.br\/bm44\/wp-json\/wp\/v2\/pages"}],"about":[{"href":"https:\/\/bm4.com.br\/bm44\/wp-json\/wp\/v2\/types\/page"}],"author":[{"embeddable":true,"href":"https:\/\/bm4.com.br\/bm44\/wp-json\/wp\/v2\/users\/1"}],"replies":[{"embeddable":true,"href":"https:\/\/bm4.com.br\/bm44\/wp-json\/wp\/v2\/comments?post=37"}],"version-history":[{"count":11,"href":"https:\/\/bm4.com.br\/bm44\/wp-json\/wp\/v2\/pages\/37\/revisions"}],"predecessor-version":[{"id":1458,"href":"https:\/\/bm4.com.br\/bm44\/wp-json\/wp\/v2\/pages\/37\/revisions\/1458"}],"wp:attachment":[{"href":"https:\/\/bm4.com.br\/bm44\/wp-json\/wp\/v2\/media?parent=37"}],"curies":[{"name":"wp","href":"https:\/\/api.w.org\/{rel}","templated":true}]}}